{"id":629,"date":"2021-02-05T15:34:11","date_gmt":"2021-02-05T14:34:11","guid":{"rendered":"http:\/\/edithbrothelande.fr\/?page_id=629"},"modified":"2025-08-19T11:48:17","modified_gmt":"2025-08-19T09:48:17","slug":"cours-dessin-peinture","status":"publish","type":"page","link":"https:\/\/edithbrothelande.fr\/?page_id=629","title":{"rendered":"Cours Dessin Peinture"},"content":{"rendered":"\n<p><strong>Cours de Dessin Peinture individuel ou en groupe.<\/strong><\/p>\n\n\n\n<p><\/p>\n\n\n\n<p>En groupe : je donne des cours via des Associations<\/p>\n\n\n\n<p>\u2022 <a href=\"http:\/\/edithbrothelande.fr\/?page_id=2406\">Les Ateliers d&rsquo;Art \u00e0 Saint-Cyr-sur-Loire<\/a><br>\u2022 <a href=\"http:\/\/edithbrothelande.fr\/?page_id=600\">Centre Jules Verne \u00e0 Ballan-Mir\u00e9<\/a><br>\u2022 <a href=\"http:\/\/edithbrothelande.fr\/?page_id=576\">Familles Rurales \u00e0 Azay<\/a><br>\u2022 <a href=\"http:\/\/edithbrothelande.fr\/?page_id=664\" data-type=\"link\" data-id=\"http:\/\/edithbrothelande.fr\/?page_id=664\">Cours Particulier<\/a><br>\u2022\u00a0<a href=\"http:\/\/edithbrothelande.fr\/?page_id=607\">AVF de Tours \u00e0 Tours<\/a><br><\/p>\n\n\n\n<blockquote class=\"wp-block-quote is-layout-flow wp-block-quote-is-layout-flow\">\n<p>Approche de la technique du dessin acad\u00e9mique, d\u00e9butant et confirm\u00e9.<\/p>\n\n\n\n<div class=\"wp-block-jetpack-tiled-gallery aligncenter is-style-rectangular\"><div class=\"\"><div class=\"tiled-gallery__gallery\"><div class=\"tiled-gallery__row\"><div class=\"tiled-gallery__col\" style=\"flex-basis:48.75046%\"><figure class=\"tiled-gallery__item\"><img decoding=\"async\" srcset=\"https:\/\/i1.wp.com\/edithbrothelande.fr\/wp-content\/uploads\/2023\/05\/2020-chaussuresBB-800px.jpg?strip=info&#038;w=600 600w,https:\/\/i1.wp.com\/edithbrothelande.fr\/wp-content\/uploads\/2023\/05\/2020-chaussuresBB-800px.jpg?strip=info&#038;w=800 800w\" alt=\"\" data-height=\"750\" data-id=\"1921\" data-link=\"http:\/\/edithbrothelande.fr\/?attachment_id=1921\" data-url=\"http:\/\/edithbrothelande.fr\/wp-content\/uploads\/2023\/05\/2020-chaussuresBB-800px.jpg\" data-width=\"800\" src=\"https:\/\/i1.wp.com\/edithbrothelande.fr\/wp-content\/uploads\/2023\/05\/2020-chaussuresBB-800px.jpg\" data-amp-layout=\"responsive\" tabindex=\"0\" role=\"button\" aria-label=\"Ouvrir l\u2019image 1 sur 2 en plein \u00e9cran\"\/><\/figure><\/div><div class=\"tiled-gallery__col\" style=\"flex-basis:51.24954%\"><figure class=\"tiled-gallery__item\"><img decoding=\"async\" srcset=\"https:\/\/i0.wp.com\/edithbrothelande.fr\/wp-content\/uploads\/2020\/01\/d-chaussures-600px.jpg?strip=info&#038;w=600 600w\" alt=\"\" data-height=\"535\" data-id=\"380\" data-link=\"http:\/\/edithbrothelande.fr\/?attachment_id=380\" data-url=\"http:\/\/edithbrothelande.fr\/wp-content\/uploads\/2020\/01\/d-chaussures-600px.jpg\" data-width=\"600\" src=\"https:\/\/i0.wp.com\/edithbrothelande.fr\/wp-content\/uploads\/2020\/01\/d-chaussures-600px.jpg\" data-amp-layout=\"responsive\" tabindex=\"0\" role=\"button\" aria-label=\"Ouvrir l\u2019image 2 sur 2 en plein \u00e9cran\"\/><\/figure><\/div><\/div><\/div><\/div><\/div>\n<\/blockquote>\n\n\n\n<h2 class=\"wp-block-heading\"><\/h2>\n\n\n\n<blockquote class=\"wp-block-quote is-layout-flow wp-block-quote-is-layout-flow\">\n<p>En couleur, technique \u00e0 l&rsquo;huile, acrylique, pastels et aquarelle.<\/p>\n<\/blockquote>\n\n\n\n<div class=\"wp-block-jetpack-tiled-gallery aligncenter is-style-rectangular\"><div class=\"\"><div class=\"tiled-gallery__gallery\"><div class=\"tiled-gallery__row\"><div class=\"tiled-gallery__col\" style=\"flex-basis:53.34874%\"><figure class=\"tiled-gallery__item\"><img decoding=\"async\" srcset=\"https:\/\/i1.wp.com\/edithbrothelande.fr\/wp-content\/uploads\/2023\/05\/2017-La-peche-crevette-600px.jpg?strip=info&#038;w=493 493w\" alt=\"\" data-height=\"600\" data-id=\"1928\" data-link=\"http:\/\/edithbrothelande.fr\/?attachment_id=1928\" data-url=\"http:\/\/edithbrothelande.fr\/wp-content\/uploads\/2023\/05\/2017-La-peche-crevette-600px.jpg\" data-width=\"493\" src=\"https:\/\/i1.wp.com\/edithbrothelande.fr\/wp-content\/uploads\/2023\/05\/2017-La-peche-crevette-600px.jpg\" data-amp-layout=\"responsive\" tabindex=\"0\" role=\"button\" aria-label=\"Ouvrir l\u2019image 1 sur 2 en plein \u00e9cran\"\/><\/figure><\/div><div class=\"tiled-gallery__col\" style=\"flex-basis:46.65126%\"><figure class=\"tiled-gallery__item\"><img decoding=\"async\" srcset=\"https:\/\/i0.wp.com\/edithbrothelande.fr\/wp-content\/uploads\/2023\/05\/2013-Bouquet-Monet-600px.jpg?strip=info&#038;w=431 431w\" alt=\"\" data-height=\"600\" data-id=\"1929\" data-link=\"http:\/\/edithbrothelande.fr\/?attachment_id=1929\" data-url=\"http:\/\/edithbrothelande.fr\/wp-content\/uploads\/2023\/05\/2013-Bouquet-Monet-600px.jpg\" data-width=\"431\" src=\"https:\/\/i0.wp.com\/edithbrothelande.fr\/wp-content\/uploads\/2023\/05\/2013-Bouquet-Monet-600px.jpg\" data-amp-layout=\"responsive\" tabindex=\"0\" role=\"button\" aria-label=\"Ouvrir l\u2019image 2 sur 2 en plein \u00e9cran\"\/><\/figure><\/div><\/div><\/div><\/div><\/div>\n\n\n\n<p><\/p>\n","protected":false},"excerpt":{"rendered":"<p>Cours de Dessin Peinture individuel ou en groupe. En groupe : je donne des cours via des Associations \u2022 Les Ateliers d&rsquo;Art \u00e0 Saint-Cyr-sur-Loire\u2022 Centre Jules Verne \u00e0 Ballan-Mir\u00e9\u2022 Familles Rurales \u00e0 Azay\u2022 Cours Particulier\u2022\u00a0AVF de Tours \u00e0 Tours En couleur, technique \u00e0 l&rsquo;huile, acrylique, pastels et aquarelle.<\/p>\n","protected":false},"author":1,"featured_media":0,"parent":0,"menu_order":0,"comment_status":"closed","ping_status":"closed","template":"","meta":{"footnotes":""},"class_list":["post-629","page","type-page","status-publish","hentry"],"jetpack_sharing_enabled":true,"_links":{"self":[{"href":"https:\/\/edithbrothelande.fr\/index.php?rest_route=\/wp\/v2\/pages\/629","targetHints":{"allow":["GET"]}}],"collection":[{"href":"https:\/\/edithbrothelande.fr\/index.php?rest_route=\/wp\/v2\/pages"}],"about":[{"href":"https:\/\/edithbrothelande.fr\/index.php?rest_route=\/wp\/v2\/types\/page"}],"author":[{"embeddable":true,"href":"https:\/\/edithbrothelande.fr\/index.php?rest_route=\/wp\/v2\/users\/1"}],"replies":[{"embeddable":true,"href":"https:\/\/edithbrothelande.fr\/index.php?rest_route=%2Fwp%2Fv2%2Fcomments&post=629"}],"version-history":[{"count":29,"href":"https:\/\/edithbrothelande.fr\/index.php?rest_route=\/wp\/v2\/pages\/629\/revisions"}],"predecessor-version":[{"id":2700,"href":"https:\/\/edithbrothelande.fr\/index.php?rest_route=\/wp\/v2\/pages\/629\/revisions\/2700"}],"wp:attachment":[{"href":"https:\/\/edithbrothelande.fr\/index.php?rest_route=%2Fwp%2Fv2%2Fmedia&parent=629"}],"curies":[{"name":"wp","href":"https:\/\/api.w.org\/{rel}","templated":true}]}}